{"id":151,"date":"2017-03-03T13:39:11","date_gmt":"2017-03-03T11:39:11","guid":{"rendered":"https:\/\/www.karakallionisannointi.fi\/yhteystiedot\/"},"modified":"2023-04-04T16:03:23","modified_gmt":"2023-04-04T13:03:23","slug":"contact-information","status":"publish","type":"page","link":"https:\/\/www.karakallionisannointi.fi\/en\/contact-information\/","title":{"rendered":"Contact information"},"content":{"rendered":"<h2>Karakallion Is\u00e4nn\u00f6inti<\/h2>\n<p>Our office is conveniently located in Karakallio Kotkakuja 3 E, on ground level near by Karakallio School.<\/p>\n<p>Office hours: We are open Monday to Thursday at 9.00 &#8211; 15.00, please always give us a call to book a meeting. Our customer service responds to your phone calls from 9.00 to 15.00. On the eves of public holidays, we close at 13.00. Beyond these hours we are here as agreed, please give us a call to book a meeting. <strong>Please see exceptional opening hours at the News tab!<\/strong><\/p>\n<p><iframe loading=\"lazy\" style=\"border: 0;\" src=\"https:\/\/www.google.com\/maps\/embed?pb=!1m18!1m12!1m3!1d1981.0939425609877!2d24.76141471598449!3d60.228821781982546!2m3!1f0!2f0!3f0!3m2!1i1024!2i768!4f13.1!3m3!1m2!1s0x468df698afebd2db%3A0x871e435d8683f4f0!2sKarakalliontie+10%2C+02620+Espoo!5e0!3m2!1sen!2sfi!4v1488541824286\" width=\"800\" height=\"450\" frameborder=\"0\" allowfullscreen=\"allowfullscreen\"><\/iframe><\/p>\n","protected":false},"excerpt":{"rendered":"<p>Karakallion Is\u00e4nn\u00f6inti Our office is conveniently located in Karakallio Kotkakuja 3 E, on ground level near by Karakallio School. Office hours: We are open Monday to Thursday at 9.00 &#8211; 15.00, please always give us a call to book a meeting. Our customer service responds to your phone calls from 9.00 to 15.00. On the [&hellip;]<\/p>\n","protected":false},"author":1,"featured_media":0,"parent":0,"menu_order":0,"comment_status":"closed","ping_status":"closed","template":"","meta":{"footnotes":""},"class_list":["post-151","page","type-page","status-publish","hentry"],"yoast_head":"<!-- This site is optimized with the Yoast SEO plugin v27.3 - https:\/\/yoast.com\/product\/yoast-seo-wordpress\/ -->\n<title>Contact information - Karakallion is\u00e4nn\u00f6inti<\/title>\n<meta name=\"robots\" content=\"index, follow, max-snippet:-1, max-image-preview:large, max-video-preview:-1\" \/>\n<link rel=\"canonical\" href=\"https:\/\/www.karakallionisannointi.fi\/en\/contact-information\/\" \/>\n<meta property=\"og:locale\" content=\"en_US\" \/>\n<meta property=\"og:type\" content=\"article\" \/>\n<meta property=\"og:title\" content=\"Contact information - Karakallion is\u00e4nn\u00f6inti\" \/>\n<meta property=\"og:description\" content=\"Karakallion Is\u00e4nn\u00f6inti Our office is conveniently located in Karakallio Kotkakuja 3 E, on ground level near by Karakallio School. Office hours: We are open Monday to Thursday at 9.00 &#8211; 15.00, please always give us a call to book a meeting. Our customer service responds to your phone calls from 9.00 to 15.00. On the [&hellip;]\" \/>\n<meta property=\"og:url\" content=\"https:\/\/www.karakallionisannointi.fi\/en\/contact-information\/\" \/>\n<meta property=\"og:site_name\" content=\"Karakallion is\u00e4nn\u00f6inti\" \/>\n<meta property=\"article:modified_time\" content=\"2023-04-04T13:03:23+00:00\" \/>\n<meta name=\"twitter:card\" content=\"summary_large_image\" \/>\n<meta name=\"twitter:label1\" content=\"Est. reading time\" \/>\n\t<meta name=\"twitter:data1\" content=\"1 minute\" \/>\n<script type=\"application\/ld+json\" class=\"yoast-schema-graph\">{\"@context\":\"https:\\\/\\\/schema.org\",\"@graph\":[{\"@type\":\"WebPage\",\"@id\":\"https:\\\/\\\/www.karakallionisannointi.fi\\\/en\\\/contact-information\\\/\",\"url\":\"https:\\\/\\\/www.karakallionisannointi.fi\\\/en\\\/contact-information\\\/\",\"name\":\"Contact information - Karakallion is\u00e4nn\u00f6inti\",\"isPartOf\":{\"@id\":\"https:\\\/\\\/www.karakallionisannointi.fi\\\/#website\"},\"datePublished\":\"2017-03-03T11:39:11+00:00\",\"dateModified\":\"2023-04-04T13:03:23+00:00\",\"breadcrumb\":{\"@id\":\"https:\\\/\\\/www.karakallionisannointi.fi\\\/en\\\/contact-information\\\/#breadcrumb\"},\"inLanguage\":\"en-US\",\"potentialAction\":[{\"@type\":\"ReadAction\",\"target\":[\"https:\\\/\\\/www.karakallionisannointi.fi\\\/en\\\/contact-information\\\/\"]}]},{\"@type\":\"BreadcrumbList\",\"@id\":\"https:\\\/\\\/www.karakallionisannointi.fi\\\/en\\\/contact-information\\\/#breadcrumb\",\"itemListElement\":[{\"@type\":\"ListItem\",\"position\":1,\"name\":\"Home\",\"item\":\"https:\\\/\\\/www.karakallionisannointi.fi\\\/en\\\/\"},{\"@type\":\"ListItem\",\"position\":2,\"name\":\"Contact information\"}]},{\"@type\":\"WebSite\",\"@id\":\"https:\\\/\\\/www.karakallionisannointi.fi\\\/#website\",\"url\":\"https:\\\/\\\/www.karakallionisannointi.fi\\\/\",\"name\":\"Karakallion is\u00e4nn\u00f6inti\",\"description\":\"\",\"potentialAction\":[{\"@type\":\"SearchAction\",\"target\":{\"@type\":\"EntryPoint\",\"urlTemplate\":\"https:\\\/\\\/www.karakallionisannointi.fi\\\/?s={search_term_string}\"},\"query-input\":{\"@type\":\"PropertyValueSpecification\",\"valueRequired\":true,\"valueName\":\"search_term_string\"}}],\"inLanguage\":\"en-US\"}]}<\/script>\n<!-- \/ Yoast SEO plugin. -->","yoast_head_json":{"title":"Contact information - Karakallion is\u00e4nn\u00f6inti","robots":{"index":"index","follow":"follow","max-snippet":"max-snippet:-1","max-image-preview":"max-image-preview:large","max-video-preview":"max-video-preview:-1"},"canonical":"https:\/\/www.karakallionisannointi.fi\/en\/contact-information\/","og_locale":"en_US","og_type":"article","og_title":"Contact information - Karakallion is\u00e4nn\u00f6inti","og_description":"Karakallion Is\u00e4nn\u00f6inti Our office is conveniently located in Karakallio Kotkakuja 3 E, on ground level near by Karakallio School. Office hours: We are open Monday to Thursday at 9.00 &#8211; 15.00, please always give us a call to book a meeting. Our customer service responds to your phone calls from 9.00 to 15.00. On the [&hellip;]","og_url":"https:\/\/www.karakallionisannointi.fi\/en\/contact-information\/","og_site_name":"Karakallion is\u00e4nn\u00f6inti","article_modified_time":"2023-04-04T13:03:23+00:00","twitter_card":"summary_large_image","twitter_misc":{"Est. reading time":"1 minute"},"schema":{"@context":"https:\/\/schema.org","@graph":[{"@type":"WebPage","@id":"https:\/\/www.karakallionisannointi.fi\/en\/contact-information\/","url":"https:\/\/www.karakallionisannointi.fi\/en\/contact-information\/","name":"Contact information - Karakallion is\u00e4nn\u00f6inti","isPartOf":{"@id":"https:\/\/www.karakallionisannointi.fi\/#website"},"datePublished":"2017-03-03T11:39:11+00:00","dateModified":"2023-04-04T13:03:23+00:00","breadcrumb":{"@id":"https:\/\/www.karakallionisannointi.fi\/en\/contact-information\/#breadcrumb"},"inLanguage":"en-US","potentialAction":[{"@type":"ReadAction","target":["https:\/\/www.karakallionisannointi.fi\/en\/contact-information\/"]}]},{"@type":"BreadcrumbList","@id":"https:\/\/www.karakallionisannointi.fi\/en\/contact-information\/#breadcrumb","itemListElement":[{"@type":"ListItem","position":1,"name":"Home","item":"https:\/\/www.karakallionisannointi.fi\/en\/"},{"@type":"ListItem","position":2,"name":"Contact information"}]},{"@type":"WebSite","@id":"https:\/\/www.karakallionisannointi.fi\/#website","url":"https:\/\/www.karakallionisannointi.fi\/","name":"Karakallion is\u00e4nn\u00f6inti","description":"","potentialAction":[{"@type":"SearchAction","target":{"@type":"EntryPoint","urlTemplate":"https:\/\/www.karakallionisannointi.fi\/?s={search_term_string}"},"query-input":{"@type":"PropertyValueSpecification","valueRequired":true,"valueName":"search_term_string"}}],"inLanguage":"en-US"}]}},"_links":{"self":[{"href":"https:\/\/www.karakallionisannointi.fi\/en\/wp-json\/wp\/v2\/pages\/151","targetHints":{"allow":["GET"]}}],"collection":[{"href":"https:\/\/www.karakallionisannointi.fi\/en\/wp-json\/wp\/v2\/pages"}],"about":[{"href":"https:\/\/www.karakallionisannointi.fi\/en\/wp-json\/wp\/v2\/types\/page"}],"author":[{"embeddable":true,"href":"https:\/\/www.karakallionisannointi.fi\/en\/wp-json\/wp\/v2\/users\/1"}],"replies":[{"embeddable":true,"href":"https:\/\/www.karakallionisannointi.fi\/en\/wp-json\/wp\/v2\/comments?post=151"}],"version-history":[{"count":10,"href":"https:\/\/www.karakallionisannointi.fi\/en\/wp-json\/wp\/v2\/pages\/151\/revisions"}],"predecessor-version":[{"id":527,"href":"https:\/\/www.karakallionisannointi.fi\/en\/wp-json\/wp\/v2\/pages\/151\/revisions\/527"}],"wp:attachment":[{"href":"https:\/\/www.karakallionisannointi.fi\/en\/wp-json\/wp\/v2\/media?parent=151"}],"curies":[{"name":"wp","href":"https:\/\/api.w.org\/{rel}","templated":true}]}}