{"id":144,"date":"2017-03-03T08:50:06","date_gmt":"2017-03-03T06:50:06","guid":{"rendered":"https:\/\/www.karakallionisannointi.fi\/etusivu\/"},"modified":"2017-06-13T15:11:04","modified_gmt":"2017-06-13T12:11:04","slug":"etusivu","status":"publish","type":"page","link":"https:\/\/www.karakallionisannointi.fi\/en\/","title":{"rendered":"Home"},"content":{"rendered":"<h1>Karakallion Is\u00e4nn\u00f6inti<\/h1>\n<p>Karakallion Is\u00e4nn\u00f6inti Oy is a new and fresh property \/ house management office, established in 2017. We offer a full range of services to housing companies and parking firms. Our company, located in Karakallio, Espoo, was born on the dream of supplying customer driven and flexible services to our clients.<\/p>\n","protected":false},"excerpt":{"rendered":"<p>Karakallion Is\u00e4nn\u00f6inti Karakallion Is\u00e4nn\u00f6inti Oy is a new and fresh property \/ house management office, established in 2017. We offer a full range of services to housing companies and parking firms. Our company, located in Karakallio, Espoo, was born on the dream of supplying customer driven and flexible services to our clients.<\/p>\n","protected":false},"author":1,"featured_media":0,"parent":0,"menu_order":0,"comment_status":"closed","ping_status":"closed","template":"page-home.php","meta":{"footnotes":""},"class_list":["post-144","page","type-page","status-publish","hentry"],"yoast_head":"<!-- This site is optimized with the Yoast SEO plugin v27.3 - https:\/\/yoast.com\/product\/yoast-seo-wordpress\/ -->\n<title>Home - Karakallion is\u00e4nn\u00f6inti<\/title>\n<meta name=\"robots\" content=\"index, follow, max-snippet:-1, max-image-preview:large, max-video-preview:-1\" \/>\n<link rel=\"canonical\" href=\"https:\/\/www.karakallionisannointi.fi\/en\/\" \/>\n<meta property=\"og:locale\" content=\"en_US\" \/>\n<meta property=\"og:type\" content=\"article\" \/>\n<meta property=\"og:title\" content=\"Home - Karakallion is\u00e4nn\u00f6inti\" \/>\n<meta property=\"og:description\" content=\"Karakallion Is\u00e4nn\u00f6inti Karakallion Is\u00e4nn\u00f6inti Oy is a new and fresh property \/ house management office, established in 2017. We offer a full range of services to housing companies and parking firms. Our company, located in Karakallio, Espoo, was born on the dream of supplying customer driven and flexible services to our clients.\" \/>\n<meta property=\"og:url\" content=\"https:\/\/www.karakallionisannointi.fi\/en\/\" \/>\n<meta property=\"og:site_name\" content=\"Karakallion is\u00e4nn\u00f6inti\" \/>\n<meta property=\"article:modified_time\" content=\"2017-06-13T12:11:04+00:00\" \/>\n<meta name=\"twitter:card\" content=\"summary_large_image\" \/>\n<script type=\"application\/ld+json\" class=\"yoast-schema-graph\">{\"@context\":\"https:\\\/\\\/schema.org\",\"@graph\":[{\"@type\":\"WebPage\",\"@id\":\"https:\\\/\\\/www.karakallionisannointi.fi\\\/en\\\/\",\"url\":\"https:\\\/\\\/www.karakallionisannointi.fi\\\/en\\\/\",\"name\":\"Home - Karakallion is\u00e4nn\u00f6inti\",\"isPartOf\":{\"@id\":\"https:\\\/\\\/www.karakallionisannointi.fi\\\/#website\"},\"datePublished\":\"2017-03-03T06:50:06+00:00\",\"dateModified\":\"2017-06-13T12:11:04+00:00\",\"breadcrumb\":{\"@id\":\"https:\\\/\\\/www.karakallionisannointi.fi\\\/en\\\/#breadcrumb\"},\"inLanguage\":\"en-US\",\"potentialAction\":[{\"@type\":\"ReadAction\",\"target\":[\"https:\\\/\\\/www.karakallionisannointi.fi\\\/en\\\/\"]}]},{\"@type\":\"BreadcrumbList\",\"@id\":\"https:\\\/\\\/www.karakallionisannointi.fi\\\/en\\\/#breadcrumb\",\"itemListElement\":[{\"@type\":\"ListItem\",\"position\":1,\"name\":\"Home\",\"item\":\"https:\\\/\\\/www.karakallionisannointi.fi\\\/en\\\/\"},{\"@type\":\"ListItem\",\"position\":2,\"name\":\"Home\"}]},{\"@type\":\"WebSite\",\"@id\":\"https:\\\/\\\/www.karakallionisannointi.fi\\\/#website\",\"url\":\"https:\\\/\\\/www.karakallionisannointi.fi\\\/\",\"name\":\"Karakallion is\u00e4nn\u00f6inti\",\"description\":\"\",\"potentialAction\":[{\"@type\":\"SearchAction\",\"target\":{\"@type\":\"EntryPoint\",\"urlTemplate\":\"https:\\\/\\\/www.karakallionisannointi.fi\\\/?s={search_term_string}\"},\"query-input\":{\"@type\":\"PropertyValueSpecification\",\"valueRequired\":true,\"valueName\":\"search_term_string\"}}],\"inLanguage\":\"en-US\"}]}<\/script>\n<!-- \/ Yoast SEO plugin. -->","yoast_head_json":{"title":"Home - Karakallion is\u00e4nn\u00f6inti","robots":{"index":"index","follow":"follow","max-snippet":"max-snippet:-1","max-image-preview":"max-image-preview:large","max-video-preview":"max-video-preview:-1"},"canonical":"https:\/\/www.karakallionisannointi.fi\/en\/","og_locale":"en_US","og_type":"article","og_title":"Home - Karakallion is\u00e4nn\u00f6inti","og_description":"Karakallion Is\u00e4nn\u00f6inti Karakallion Is\u00e4nn\u00f6inti Oy is a new and fresh property \/ house management office, established in 2017. We offer a full range of services to housing companies and parking firms. Our company, located in Karakallio, Espoo, was born on the dream of supplying customer driven and flexible services to our clients.","og_url":"https:\/\/www.karakallionisannointi.fi\/en\/","og_site_name":"Karakallion is\u00e4nn\u00f6inti","article_modified_time":"2017-06-13T12:11:04+00:00","twitter_card":"summary_large_image","schema":{"@context":"https:\/\/schema.org","@graph":[{"@type":"WebPage","@id":"https:\/\/www.karakallionisannointi.fi\/en\/","url":"https:\/\/www.karakallionisannointi.fi\/en\/","name":"Home - Karakallion is\u00e4nn\u00f6inti","isPartOf":{"@id":"https:\/\/www.karakallionisannointi.fi\/#website"},"datePublished":"2017-03-03T06:50:06+00:00","dateModified":"2017-06-13T12:11:04+00:00","breadcrumb":{"@id":"https:\/\/www.karakallionisannointi.fi\/en\/#breadcrumb"},"inLanguage":"en-US","potentialAction":[{"@type":"ReadAction","target":["https:\/\/www.karakallionisannointi.fi\/en\/"]}]},{"@type":"BreadcrumbList","@id":"https:\/\/www.karakallionisannointi.fi\/en\/#breadcrumb","itemListElement":[{"@type":"ListItem","position":1,"name":"Home","item":"https:\/\/www.karakallionisannointi.fi\/en\/"},{"@type":"ListItem","position":2,"name":"Home"}]},{"@type":"WebSite","@id":"https:\/\/www.karakallionisannointi.fi\/#website","url":"https:\/\/www.karakallionisannointi.fi\/","name":"Karakallion is\u00e4nn\u00f6inti","description":"","potentialAction":[{"@type":"SearchAction","target":{"@type":"EntryPoint","urlTemplate":"https:\/\/www.karakallionisannointi.fi\/?s={search_term_string}"},"query-input":{"@type":"PropertyValueSpecification","valueRequired":true,"valueName":"search_term_string"}}],"inLanguage":"en-US"}]}},"_links":{"self":[{"href":"https:\/\/www.karakallionisannointi.fi\/en\/wp-json\/wp\/v2\/pages\/144","targetHints":{"allow":["GET"]}}],"collection":[{"href":"https:\/\/www.karakallionisannointi.fi\/en\/wp-json\/wp\/v2\/pages"}],"about":[{"href":"https:\/\/www.karakallionisannointi.fi\/en\/wp-json\/wp\/v2\/types\/page"}],"author":[{"embeddable":true,"href":"https:\/\/www.karakallionisannointi.fi\/en\/wp-json\/wp\/v2\/users\/1"}],"replies":[{"embeddable":true,"href":"https:\/\/www.karakallionisannointi.fi\/en\/wp-json\/wp\/v2\/comments?post=144"}],"version-history":[{"count":1,"href":"https:\/\/www.karakallionisannointi.fi\/en\/wp-json\/wp\/v2\/pages\/144\/revisions"}],"predecessor-version":[{"id":145,"href":"https:\/\/www.karakallionisannointi.fi\/en\/wp-json\/wp\/v2\/pages\/144\/revisions\/145"}],"wp:attachment":[{"href":"https:\/\/www.karakallionisannointi.fi\/en\/wp-json\/wp\/v2\/media?parent=144"}],"curies":[{"name":"wp","href":"https:\/\/api.w.org\/{rel}","templated":true}]}}